{"id":90,"date":"2020-07-07T11:03:04","date_gmt":"2020-07-07T11:03:04","guid":{"rendered":"https:\/\/reach.co.hu\/?page_id=90"},"modified":"2020-07-07T13:34:36","modified_gmt":"2020-07-07T13:34:36","slug":"termekinformacios-dokumentacio-biztonsagi-jelentes","status":"publish","type":"page","link":"https:\/\/reach.co.hu\/en\/termekinformacios-dokumentacio-biztonsagi-jelentes\/","title":{"rendered":"Term\u00e9kinform\u00e1ci\u00f3s dokument\u00e1ci\u00f3\/biztons\u00e1gi jelent\u00e9s"},"content":{"rendered":"","protected":false},"excerpt":{"rendered":"","protected":false},"author":1,"featured_media":0,"parent":0,"menu_order":0,"comment_status":"closed","ping_status":"closed","template":"","meta":[],"_links":{"self":[{"href":"https:\/\/reach.co.hu\/en\/wp-json\/wp\/v2\/pages\/90"}],"collection":[{"href":"https:\/\/reach.co.hu\/en\/wp-json\/wp\/v2\/pages"}],"about":[{"href":"https:\/\/reach.co.hu\/en\/wp-json\/wp\/v2\/types\/page"}],"author":[{"embeddable":true,"href":"https:\/\/reach.co.hu\/en\/wp-json\/wp\/v2\/users\/1"}],"replies":[{"embeddable":true,"href":"https:\/\/reach.co.hu\/en\/wp-json\/wp\/v2\/comments?post=90"}],"version-history":[{"count":1,"href":"https:\/\/reach.co.hu\/en\/wp-json\/wp\/v2\/pages\/90\/revisions"}],"predecessor-version":[{"id":91,"href":"https:\/\/reach.co.hu\/en\/wp-json\/wp\/v2\/pages\/90\/revisions\/91"}],"wp:attachment":[{"href":"https:\/\/reach.co.hu\/en\/wp-json\/wp\/v2\/media?parent=90"}],"curies":[{"name":"wp","href":"https:\/\/api.w.org\/{rel}","templated":true}]}}