{"id":139,"date":"2020-07-07T11:20:24","date_gmt":"2020-07-07T11:20:24","guid":{"rendered":"https:\/\/reach.co.hu\/?page_id=139"},"modified":"2020-07-07T11:20:26","modified_gmt":"2020-07-07T11:20:26","slug":"kozmetikai-hatasossagi-vizsgalatok","status":"publish","type":"page","link":"https:\/\/reach.co.hu\/en\/kozmetikai-hatasossagi-vizsgalatok\/","title":{"rendered":"Kozmetikai hat\u00e1soss\u00e1gi vizsg\u00e1latok"},"content":{"rendered":"","protected":false},"excerpt":{"rendered":"","protected":false},"author":1,"featured_media":0,"parent":0,"menu_order":0,"comment_status":"closed","ping_status":"closed","template":"","meta":[],"_links":{"self":[{"href":"https:\/\/reach.co.hu\/en\/wp-json\/wp\/v2\/pages\/139"}],"collection":[{"href":"https:\/\/reach.co.hu\/en\/wp-json\/wp\/v2\/pages"}],"about":[{"href":"https:\/\/reach.co.hu\/en\/wp-json\/wp\/v2\/types\/page"}],"author":[{"embeddable":true,"href":"https:\/\/reach.co.hu\/en\/wp-json\/wp\/v2\/users\/1"}],"replies":[{"embeddable":true,"href":"https:\/\/reach.co.hu\/en\/wp-json\/wp\/v2\/comments?post=139"}],"version-history":[{"count":1,"href":"https:\/\/reach.co.hu\/en\/wp-json\/wp\/v2\/pages\/139\/revisions"}],"predecessor-version":[{"id":140,"href":"https:\/\/reach.co.hu\/en\/wp-json\/wp\/v2\/pages\/139\/revisions\/140"}],"wp:attachment":[{"href":"https:\/\/reach.co.hu\/en\/wp-json\/wp\/v2\/media?parent=139"}],"curies":[{"name":"wp","href":"https:\/\/api.w.org\/{rel}","templated":true}]}}